{"id":36,"date":"2013-08-12T14:45:27","date_gmt":"2013-08-12T13:45:27","guid":{"rendered":"https:\/\/dev.icab.ch\/?page_id=36"},"modified":"2022-11-14T09:28:49","modified_gmt":"2022-11-14T08:28:49","slug":"panneaux-publicitaires","status":"publish","type":"page","link":"https:\/\/icab.ch\/?page_id=36","title":{"rendered":"Panneaux publicitaires"},"content":{"rendered":"\n<p>L\u2019ICAB\u00a0 dispose de 2 supports fixes pour la publicit\u00e9 temporaire, install\u00e9s aux endroits suivants\u00a0:<\/p>\n\n\n\n<p>Ch\u00e2ssis entr\u00e9e depuis GROLLEY<\/p>\n\n\n\n<figure class=\"wp-block-image size-large is-resized\"><a href=\"https:\/\/icab.ch\/wp-content\/uploads\/2022\/11\/Chassis-Grolley.png\"><img loading=\"lazy\" decoding=\"async\" src=\"https:\/\/icab.ch\/wp-content\/uploads\/2022\/11\/Chassis-Grolley-1024x767.png\" alt=\"\" class=\"wp-image-570\" width=\"553\" height=\"413\" srcset=\"https:\/\/icab.ch\/wp-content\/uploads\/2022\/11\/Chassis-Grolley-1024x767.png 1024w, https:\/\/icab.ch\/wp-content\/uploads\/2022\/11\/Chassis-Grolley-300x225.png 300w, https:\/\/icab.ch\/wp-content\/uploads\/2022\/11\/Chassis-Grolley-768x575.png 768w, https:\/\/icab.ch\/wp-content\/uploads\/2022\/11\/Chassis-Grolley-1536x1151.png 1536w, https:\/\/icab.ch\/wp-content\/uploads\/2022\/11\/Chassis-Grolley-2048x1534.png 2048w\" sizes=\"(max-width: 553px) 100vw, 553px\" \/><\/a><\/figure>\n\n\n<ul>\n<li>Ch\u00e2ssis entr\u00e9e depuis FRIBOURG<\/li>\n<\/ul>\n\n\n<figure class=\"wp-block-image size-large is-resized\"><a href=\"https:\/\/icab.ch\/wp-content\/uploads\/2022\/11\/Chassis-Fribourg.png\"><img loading=\"lazy\" decoding=\"async\" src=\"https:\/\/icab.ch\/wp-content\/uploads\/2022\/11\/Chassis-Fribourg-1024x768.png\" alt=\"\" class=\"wp-image-571\" width=\"571\" height=\"428\" srcset=\"https:\/\/icab.ch\/wp-content\/uploads\/2022\/11\/Chassis-Fribourg-1024x768.png 1024w, https:\/\/icab.ch\/wp-content\/uploads\/2022\/11\/Chassis-Fribourg-300x225.png 300w, https:\/\/icab.ch\/wp-content\/uploads\/2022\/11\/Chassis-Fribourg-768x576.png 768w, https:\/\/icab.ch\/wp-content\/uploads\/2022\/11\/Chassis-Fribourg-1536x1152.png 1536w, https:\/\/icab.ch\/wp-content\/uploads\/2022\/11\/Chassis-Fribourg-2048x1536.png 2048w\" sizes=\"(max-width: 571px) 100vw, 571px\" \/><\/a><\/figure>\n\n\n\n<p>Ces supports peuvent \u00eatre lou\u00e9s&nbsp; pour de la publicit\u00e9 temporaire ou pour la promotion de manifestations publiques selon les <a href=\"https:\/\/icab.ch\/?page_id=37\">conditions g\u00e9n\u00e9rales<\/a>.<\/p>\n\n\n\n<p>Vous pouvez <a href=\"https:\/\/icab.ch\/?page_id=42\">consulter<\/a> l&rsquo;\u00e9tat des r\u00e9servations en cours ou r\u00e9server une plage de location.<\/p>\n","protected":false},"excerpt":{"rendered":"<p>L\u2019ICAB\u00a0 dispose de 2 supports fixes pour la publicit\u00e9 temporaire, install\u00e9s aux endroits suivants\u00a0: Ch\u00e2ssis entr\u00e9e depuis GROLLEY Ch\u00e2ssis entr\u00e9e depuis FRIBOURG Ces supports peuvent \u00eatre lou\u00e9s&nbsp; pour de la publicit\u00e9 temporaire ou pour la promotion de manifestations publiques selon les conditions g\u00e9n\u00e9rales. Vous pouvez consulter l&rsquo;\u00e9tat des r\u00e9servations en cours ou r\u00e9server une plage &hellip; <a href=\"https:\/\/icab.ch\/?page_id=36\" class=\"more-link\">Continuer la lecture de <span class=\"screen-reader-text\">Panneaux publicitaires<\/span> <span class=\"meta-nav\">&rarr;<\/span><\/a><\/p>\n","protected":false},"author":1,"featured_media":0,"parent":0,"menu_order":0,"comment_status":"closed","ping_status":"closed","template":"","meta":{"footnotes":""},"_links":{"self":[{"href":"https:\/\/icab.ch\/index.php?rest_route=\/wp\/v2\/pages\/36"}],"collection":[{"href":"https:\/\/icab.ch\/index.php?rest_route=\/wp\/v2\/pages"}],"about":[{"href":"https:\/\/icab.ch\/index.php?rest_route=\/wp\/v2\/types\/page"}],"author":[{"embeddable":true,"href":"https:\/\/icab.ch\/index.php?rest_route=\/wp\/v2\/users\/1"}],"replies":[{"embeddable":true,"href":"https:\/\/icab.ch\/index.php?rest_route=%2Fwp%2Fv2%2Fcomments&post=36"}],"version-history":[{"count":10,"href":"https:\/\/icab.ch\/index.php?rest_route=\/wp\/v2\/pages\/36\/revisions"}],"predecessor-version":[{"id":572,"href":"https:\/\/icab.ch\/index.php?rest_route=\/wp\/v2\/pages\/36\/revisions\/572"}],"wp:attachment":[{"href":"https:\/\/icab.ch\/index.php?rest_route=%2Fwp%2Fv2%2Fmedia&parent=36"}],"curies":[{"name":"wp","href":"https:\/\/api.w.org\/{rel}","templated":true}]}}