{"id":68,"date":"2013-08-12T17:56:30","date_gmt":"2013-08-12T16:56:30","guid":{"rendered":"https:\/\/dev.icab.ch\/?page_id=68"},"modified":"2022-11-14T08:42:41","modified_gmt":"2022-11-14T07:42:41","slug":"route-de-la-rosiere-sens-du-trafic","status":"publish","type":"page","link":"https:\/\/icab.ch\/?page_id=68","title":{"rendered":"Entr\u00e9e depuis Grolley (espace commer\u00e7ants) (zone HAUTE)"},"content":{"rendered":"<p><em>Rappels:<\/em><br \/>\n<em>La pr\u00e9-r\u00e9servation est ouverte de septembre 20xx \u00e0 septembre 20xx+1.<\/em><br \/>\n<em>On peut r\u00e9server une seule semaine ou 2 semaines cons\u00e9cutives<\/em><br \/>\n<em>Les r\u00e9servations se font du lundi au dimanche.<\/em><\/p>\n<p><strong>Marche \u00e0 suivre:<\/strong><\/p>\n<ol>\n<li>Dans le calendrier, s\u00e9lectionnez toutes les dates que vous souhaitez pr\u00e9-r\u00e9server.<\/li>\n<li>Compl\u00e9tez les champs de texte puis cliquez sur Envoyer.<\/li>\n<li>Vous recevrez une facture relative \u00e0 l&#8217;emplacement et \u00e0 la dur\u00e9e de votre publicit\u00e9.<\/li>\n<li>A la r\u00e9ception du versement, vous recevrez une confirmation par e-mail.<\/li>\n<\/ol>\n <div id=\"form_id674897323060\" class=\"wpdevelop\"><form  id=\"booking_form3\"   class=\"booking_form vertical\" method=\"post\" action=\"\"><div id=\"ajax_respond_insert3\" class=\"ajax_respond_insert\" style=\"display:none;\"><\/div><a name=\"bklnk3\" id=\"bklnk3\"><\/a><div id=\"booking_form_div3\" class=\"booking_form_div\"><div class=\"bk_calendar_frame months_num_in_row_ cal_month_num_3\" style=\"width:852px;\"><div id=\"calendar_booking3\">Chargement du calendrier...<\/div><\/div><textarea id=\"date_booking3\" name=\"date_booking3\" autocomplete=\"off\" style=\"display:none;\"><\/textarea><div class=\"block_hints datepick\"><div class=\"wpdev_hint_with_text\"><div class=\"block_free datepick-days-cell\"><a>&nbsp;<\/a><\/div><div class=\"block_text\">- Disponible<\/div><\/div><div class=\"wpdev_hint_with_text\"><div class=\"block_booked date_approved\">&nbsp;<\/div><div class=\"block_text\">- R\u00e9serv\u00e9<\/div><\/div><div class=\"wpdev_hint_with_text\"><div class=\"block_pending date2approve\">&nbsp;<\/div><div class=\"block_text\">- en attente<\/div><\/div><\/div><div class=\"wpdev_clear_hint\"><\/div> \r\n        \r\n        <div style=\"text-align:left\"> \r\n\r\n        <p>Entreprise ou association (requis):<br \/>  <span class=\"wpdev-form-control-wrap firm3\"><input type=\"text\" name=\"firm3\" value=\"\" class=\"wpdev-validates-as-required\" size=\"40\" \/><\/span><\/p> \r\n\r\n        <p>Pr\u00e9nom (requis):<br \/>  <span class=\"wpdev-form-control-wrap name3\"><input type=\"text\" name=\"name3\" value=\"\" class=\"wpdev-validates-as-required\" size=\"40\" \/><\/span> <\/p> \r\n        \r\n        <p>Nom (requis):<br \/>  <span class=\"wpdev-form-control-wrap secondname3\"><input type=\"text\" name=\"secondname3\" value=\"\" class=\"wpdev-validates-as-required\" size=\"40\" \/><\/span> <\/p> \r\n\t\t\t\r\n\t\t<p>Rue et n\u00b0 (requis):<br \/> <span class=\"wpdev-form-control-wrap rue3\"><input type=\"text\" name=\"rue3\" value=\"\" class=\"wpdev-validates-as-required\" size=\"40\" \/><\/span> <\/p> \r\n\t\t\t\r\n\t\t<p>NP et Lieu (requis) :<br \/> <span class=\"wpdev-form-control-wrap lieu3\"><input type=\"text\" name=\"lieu3\" value=\"\" class=\"wpdev-validates-as-required\" size=\"40\" \/><\/span> <\/p> \t\r\n        \r\n        <p>Courriel (requis):<br \/>  <span class=\"wpdev-form-control-wrap email3\"><input type=\"text\" name=\"email3\" value=\"\" class=\"wpdev-validates-as-email wpdev-validates-as-required\" size=\"40\" \/><\/span> <\/p> \r\n        \r\n        <p>T\u00e9l\u00e9phone:<br \/>  <span class=\"wpdev-form-control-wrap phone3\"><input type=\"text\" name=\"phone3\" value=\"\" size=\"40\" \/><\/span> <\/p> \r\n        \r\n        <p>Commentaire:<br \/> <span class=\"wpdev-form-control-wrap details3\"><textarea name=\"details3\" cols=\"40\" rows=\"10\"><\/textarea><\/span> <\/p> \r\n        \r\n        <p><input  autocomplete=\"off\" type=\"hidden\" name=\"wpdev_captcha_challenge_3\"  id=\"wpdev_captcha_challenge_3\" value=\"1883805586\" \/><input  autocomplete=\"off\" type=\"text\" class=\"captachinput\" value=\"\" name=\"captcha_input3\" id=\"captcha_input3\" \/><img decoding=\"async\" class=\"captcha_img\"  id=\"captcha_img3\" alt=\"captcha\" src=\"https:\/\/icab.ch\/wp-content\/plugins\/booking.personal.8.6\/js\/captcha\/tmp\/1883805586.png\" \/><span id=\"captcha_msg3\" class=\"wpdev-help-message\" ><\/span><\/p> \r\n        \r\n        <p><input type=\"button\" value=\"Envoyer\" onclick=\"mybooking_submit(this.form,3, 'fr_FR' );\" \/><img decoding=\"async\" class=\"ajax-loader\"  style=\"vertical-align:middle;box-shadow:none;width:14px;visibility: hidden;\" alt=\"ajax loader\" src=\"https:\/\/icab.ch\/wp-content\/plugins\/booking.personal.8.6\/assets\/img\/ajax-loader.gif\" \/><\/p> \r\n        <\/div><input id=\"bk_type3\" name=\"bk_type3\" class=\"\" type=\"hidden\" value=\"3\" \/><\/div><div id=\"submiting3\"><\/div><div class=\"form_bk_messages\" id=\"form_bk_messages3\" ><\/div><input type=\"hidden\" id=\"wpbc_nonce3\" name=\"wpbc_nonce3\" value=\"85d8475b36\" \/><input type=\"hidden\" name=\"_wp_http_referer\" value=\"\/index.php?rest_route=%2Fwp%2Fv2%2Fpages%2F68\" \/><input type=\"hidden\" id=\"wpbc_nonceCALCULATE_THE_COST3\" name=\"wpbc_nonceCALCULATE_THE_COST3\" value=\"ec9fa986bd\" \/><input type=\"hidden\" name=\"_wp_http_referer\" value=\"\/index.php?rest_route=%2Fwp%2Fv2%2Fpages%2F68\" \/><\/form><\/div><div id=\"booking_form_garbage3\" class=\"booking_form_garbage\"><\/div><script type=\"text\/javascript\">\n                                jQuery(document).ready( function(){\n                                    jQuery(\".widget_wpdev_booking .booking_form.form-horizontal\").removeClass(\"form-horizontal\");\n                                    var visible_booking_id_on_page_num = visible_booking_id_on_page.length;\n                                    if (visible_booking_id_on_page_num !== null ) {\n                                        for (var i=0;i< visible_booking_id_on_page_num ;i++){\n                                          if ( visible_booking_id_on_page[i]==\"booking_form_div3\" ) {\n                                              document.getElementById(\"form_id674897323060\").innerHTML = \"<span style='color:#A00;font-size:10px;'>Attention! Le calendrier des r\u00e9servations pour cette ressource est d\u00e9j\u00e0 sur la page, veuillez vous renseigner sur ce probl\u00e8me \u00e0 la cette page: https:\/\/wpbookingcalendar.com\/faq\/why-the-booking-calendar-widget-not-show-on-page\/<\/span>\";                                                                                                  \n                                              jQuery(\"#form_id674897323060\").animate( {opacity: 1}, 10000 ).fadeOut(5000);\n                                              return;\n                                          }\n                                        }\n                                        visible_booking_id_on_page[ visible_booking_id_on_page_num ]=\"booking_form_div3\";\n                                    }\n                                });\n                            <\/script> <script type='text\/javascript'>  jQuery(document).ready( function(){  date_admin_blank[3] = [];  date2approve[3] = []; if (typeof( date2approve[3][ '6-15-2026' ] ) == 'undefined'){  date2approve[3][ '6-15-2026' ] = [];}   date2approve[3][ '6-15-2026' ][  date2approve[3]['6-15-2026'].length  ] = [6, 15, 2026, 0, 0, 0]; if (typeof( date2approve[3][ '6-16-2026' ] ) == 'undefined'){  date2approve[3][ '6-16-2026' ] = [];}   date2approve[3][ '6-16-2026' ][  date2approve[3]['6-16-2026'].length  ] = [6, 16, 2026, 0, 0, 0]; if (typeof( date2approve[3][ '6-17-2026' ] ) == 'undefined'){  date2approve[3][ '6-17-2026' ] = [];}   date2approve[3][ '6-17-2026' ][  date2approve[3]['6-17-2026'].length  ] = [6, 17, 2026, 0, 0, 0]; if (typeof( date2approve[3][ '6-18-2026' ] ) == 'undefined'){  date2approve[3][ '6-18-2026' ] = [];}   date2approve[3][ '6-18-2026' ][  date2approve[3]['6-18-2026'].length  ] = [6, 18, 2026, 0, 0, 0]; if (typeof( date2approve[3][ '6-19-2026' ] ) == 'undefined'){  date2approve[3][ '6-19-2026' ] = [];}   date2approve[3][ '6-19-2026' ][  date2approve[3]['6-19-2026'].length  ] = [6, 19, 2026, 0, 0, 0]; if (typeof( date2approve[3][ '6-20-2026' ] ) == 'undefined'){  date2approve[3][ '6-20-2026' ] = [];}   date2approve[3][ '6-20-2026' ][  date2approve[3]['6-20-2026'].length  ] = [6, 20, 2026, 0, 0, 0]; if (typeof( date2approve[3][ '6-21-2026' ] ) == 'undefined'){  date2approve[3][ '6-21-2026' ] = [];}   date2approve[3][ '6-21-2026' ][  date2approve[3]['6-21-2026'].length  ] = [6, 21, 2026, 0, 0, 0]; if (typeof( date2approve[3][ '6-22-2026' ] ) == 'undefined'){  date2approve[3][ '6-22-2026' ] = [];}   date2approve[3][ '6-22-2026' ][  date2approve[3]['6-22-2026'].length  ] = [6, 22, 2026, 0, 0, 0]; if (typeof( date2approve[3][ '6-23-2026' ] ) == 'undefined'){  date2approve[3][ '6-23-2026' ] = [];}   date2approve[3][ '6-23-2026' ][  date2approve[3]['6-23-2026'].length  ] = [6, 23, 2026, 0, 0, 0]; if (typeof( date2approve[3][ '6-24-2026' ] ) == 'undefined'){  date2approve[3][ '6-24-2026' ] = [];}   date2approve[3][ '6-24-2026' ][  date2approve[3]['6-24-2026'].length  ] = [6, 24, 2026, 0, 0, 0]; if (typeof( date2approve[3][ '6-25-2026' ] ) == 'undefined'){  date2approve[3][ '6-25-2026' ] = [];}   date2approve[3][ '6-25-2026' ][  date2approve[3]['6-25-2026'].length  ] = [6, 25, 2026, 0, 0, 0]; if (typeof( date2approve[3][ '6-26-2026' ] ) == 'undefined'){  date2approve[3][ '6-26-2026' ] = [];}   date2approve[3][ '6-26-2026' ][  date2approve[3]['6-26-2026'].length  ] = [6, 26, 2026, 0, 0, 0]; if (typeof( date2approve[3][ '6-27-2026' ] ) == 'undefined'){  date2approve[3][ '6-27-2026' ] = [];}   date2approve[3][ '6-27-2026' ][  date2approve[3]['6-27-2026'].length  ] = [6, 27, 2026, 0, 0, 0]; if (typeof( date2approve[3][ '6-28-2026' ] ) == 'undefined'){  date2approve[3][ '6-28-2026' ] = [];}   date2approve[3][ '6-28-2026' ][  date2approve[3]['6-28-2026'].length  ] = [6, 28, 2026, 0, 0, 0]; if (typeof( date2approve[3][ '9-21-2026' ] ) == 'undefined'){  date2approve[3][ '9-21-2026' ] = [];}   date2approve[3][ '9-21-2026' ][  date2approve[3]['9-21-2026'].length  ] = [9, 21, 2026, 0, 0, 0]; if (typeof( date2approve[3][ '9-22-2026' ] ) == 'undefined'){  date2approve[3][ '9-22-2026' ] = [];}   date2approve[3][ '9-22-2026' ][  date2approve[3]['9-22-2026'].length  ] = [9, 22, 2026, 0, 0, 0]; if (typeof( date2approve[3][ '9-23-2026' ] ) == 'undefined'){  date2approve[3][ '9-23-2026' ] = [];}   date2approve[3][ '9-23-2026' ][  date2approve[3]['9-23-2026'].length  ] = [9, 23, 2026, 0, 0, 0]; if (typeof( date2approve[3][ '9-24-2026' ] ) == 'undefined'){  date2approve[3][ '9-24-2026' ] = [];}   date2approve[3][ '9-24-2026' ][  date2approve[3]['9-24-2026'].length  ] = [9, 24, 2026, 0, 0, 0]; if (typeof( date2approve[3][ '9-25-2026' ] ) == 'undefined'){  date2approve[3][ '9-25-2026' ] = [];}   date2approve[3][ '9-25-2026' ][  date2approve[3]['9-25-2026'].length  ] = [9, 25, 2026, 0, 0, 0]; if (typeof( date2approve[3][ '9-26-2026' ] ) == 'undefined'){  date2approve[3][ '9-26-2026' ] = [];}   date2approve[3][ '9-26-2026' ][  date2approve[3]['9-26-2026'].length  ] = [9, 26, 2026, 0, 0, 0]; if (typeof( date2approve[3][ '9-27-2026' ] ) == 'undefined'){  date2approve[3][ '9-27-2026' ] = [];}   date2approve[3][ '9-27-2026' ][  date2approve[3]['9-27-2026'].length  ] = [9, 27, 2026, 0, 0, 0]; if (typeof( date2approve[3][ '9-28-2026' ] ) == 'undefined'){  date2approve[3][ '9-28-2026' ] = [];}   date2approve[3][ '9-28-2026' ][  date2approve[3]['9-28-2026'].length  ] = [9, 28, 2026, 0, 0, 0]; if (typeof( date2approve[3][ '9-29-2026' ] ) == 'undefined'){  date2approve[3][ '9-29-2026' ] = [];}   date2approve[3][ '9-29-2026' ][  date2approve[3]['9-29-2026'].length  ] = [9, 29, 2026, 0, 0, 0]; if (typeof( date2approve[3][ '9-30-2026' ] ) == 'undefined'){  date2approve[3][ '9-30-2026' ] = [];}   date2approve[3][ '9-30-2026' ][  date2approve[3]['9-30-2026'].length  ] = [9, 30, 2026, 0, 0, 0]; if (typeof( date2approve[3][ '10-1-2026' ] ) == 'undefined'){  date2approve[3][ '10-1-2026' ] = [];}   date2approve[3][ '10-1-2026' ][  date2approve[3]['10-1-2026'].length  ] = [10, 1, 2026, 0, 0, 0]; if (typeof( date2approve[3][ '10-2-2026' ] ) == 'undefined'){  date2approve[3][ '10-2-2026' ] = [];}   date2approve[3][ '10-2-2026' ][  date2approve[3]['10-2-2026'].length  ] = [10, 2, 2026, 0, 0, 0]; if (typeof( date2approve[3][ '10-3-2026' ] ) == 'undefined'){  date2approve[3][ '10-3-2026' ] = [];}   date2approve[3][ '10-3-2026' ][  date2approve[3]['10-3-2026'].length  ] = [10, 3, 2026, 0, 0, 0]; if (typeof( date2approve[3][ '10-4-2026' ] ) == 'undefined'){  date2approve[3][ '10-4-2026' ] = [];}   date2approve[3][ '10-4-2026' ][  date2approve[3]['10-4-2026'].length  ] = [10, 4, 2026, 0, 0, 0];  var date_approved_par = []; if (typeof( date_approved_par[ '6-8-2026' ] ) == 'undefined'){  date_approved_par[ '6-8-2026' ] = [];}  date_approved_par[ '6-8-2026' ][  date_approved_par['6-8-2026'].length  ] = [6,8,2026, 0, 0, 0]; if (typeof( date_approved_par[ '6-9-2026' ] ) == 'undefined'){  date_approved_par[ '6-9-2026' ] = [];}  date_approved_par[ '6-9-2026' ][  date_approved_par['6-9-2026'].length  ] = [6,9,2026, 0, 0, 0]; if (typeof( date_approved_par[ '6-10-2026' ] ) == 'undefined'){  date_approved_par[ '6-10-2026' ] = [];}  date_approved_par[ '6-10-2026' ][  date_approved_par['6-10-2026'].length  ] = [6,10,2026, 0, 0, 0]; if (typeof( date_approved_par[ '6-11-2026' ] ) == 'undefined'){  date_approved_par[ '6-11-2026' ] = [];}  date_approved_par[ '6-11-2026' ][  date_approved_par['6-11-2026'].length  ] = [6,11,2026, 0, 0, 0]; if (typeof( date_approved_par[ '6-12-2026' ] ) == 'undefined'){  date_approved_par[ '6-12-2026' ] = [];}  date_approved_par[ '6-12-2026' ][  date_approved_par['6-12-2026'].length  ] = [6,12,2026, 0, 0, 0]; if (typeof( date_approved_par[ '6-13-2026' ] ) == 'undefined'){  date_approved_par[ '6-13-2026' ] = [];}  date_approved_par[ '6-13-2026' ][  date_approved_par['6-13-2026'].length  ] = [6,13,2026, 0, 0, 0]; if (typeof( date_approved_par[ '6-14-2026' ] ) == 'undefined'){  date_approved_par[ '6-14-2026' ] = [];}  date_approved_par[ '6-14-2026' ][  date_approved_par['6-14-2026'].length  ] = [6,14,2026, 0, 0, 0]; if (typeof( date_approved_par[ '9-7-2026' ] ) == 'undefined'){  date_approved_par[ '9-7-2026' ] = [];}  date_approved_par[ '9-7-2026' ][  date_approved_par['9-7-2026'].length  ] = [9,7,2026, 0, 0, 0]; if (typeof( date_approved_par[ '9-8-2026' ] ) == 'undefined'){  date_approved_par[ '9-8-2026' ] = [];}  date_approved_par[ '9-8-2026' ][  date_approved_par['9-8-2026'].length  ] = [9,8,2026, 0, 0, 0]; if (typeof( date_approved_par[ '9-9-2026' ] ) == 'undefined'){  date_approved_par[ '9-9-2026' ] = [];}  date_approved_par[ '9-9-2026' ][  date_approved_par['9-9-2026'].length  ] = [9,9,2026, 0, 0, 0]; if (typeof( date_approved_par[ '9-10-2026' ] ) == 'undefined'){  date_approved_par[ '9-10-2026' ] = [];}  date_approved_par[ '9-10-2026' ][  date_approved_par['9-10-2026'].length  ] = [9,10,2026, 0, 0, 0]; if (typeof( date_approved_par[ '9-11-2026' ] ) == 'undefined'){  date_approved_par[ '9-11-2026' ] = [];}  date_approved_par[ '9-11-2026' ][  date_approved_par['9-11-2026'].length  ] = [9,11,2026, 0, 0, 0]; if (typeof( date_approved_par[ '9-12-2026' ] ) == 'undefined'){  date_approved_par[ '9-12-2026' ] = [];}  date_approved_par[ '9-12-2026' ][  date_approved_par['9-12-2026'].length  ] = [9,12,2026, 0, 0, 0]; if (typeof( date_approved_par[ '9-13-2026' ] ) == 'undefined'){  date_approved_par[ '9-13-2026' ] = [];}  date_approved_par[ '9-13-2026' ][  date_approved_par['9-13-2026'].length  ] = [9,13,2026, 0, 0, 0]; if (typeof( date_approved_par[ '9-14-2026' ] ) == 'undefined'){  date_approved_par[ '9-14-2026' ] = [];}  date_approved_par[ '9-14-2026' ][  date_approved_par['9-14-2026'].length  ] = [9,14,2026, 0, 0, 0]; if (typeof( date_approved_par[ '9-15-2026' ] ) == 'undefined'){  date_approved_par[ '9-15-2026' ] = [];}  date_approved_par[ '9-15-2026' ][  date_approved_par['9-15-2026'].length  ] = [9,15,2026, 0, 0, 0]; if (typeof( date_approved_par[ '9-16-2026' ] ) == 'undefined'){  date_approved_par[ '9-16-2026' ] = [];}  date_approved_par[ '9-16-2026' ][  date_approved_par['9-16-2026'].length  ] = [9,16,2026, 0, 0, 0]; if (typeof( date_approved_par[ '9-17-2026' ] ) == 'undefined'){  date_approved_par[ '9-17-2026' ] = [];}  date_approved_par[ '9-17-2026' ][  date_approved_par['9-17-2026'].length  ] = [9,17,2026, 0, 0, 0]; if (typeof( date_approved_par[ '9-18-2026' ] ) == 'undefined'){  date_approved_par[ '9-18-2026' ] = [];}  date_approved_par[ '9-18-2026' ][  date_approved_par['9-18-2026'].length  ] = [9,18,2026, 0, 0, 0]; if (typeof( date_approved_par[ '9-19-2026' ] ) == 'undefined'){  date_approved_par[ '9-19-2026' ] = [];}  date_approved_par[ '9-19-2026' ][  date_approved_par['9-19-2026'].length  ] = [9,19,2026, 0, 0, 0]; if (typeof( date_approved_par[ '9-20-2026' ] ) == 'undefined'){  date_approved_par[ '9-20-2026' ] = [];}  date_approved_par[ '9-20-2026' ][  date_approved_par['9-20-2026'].length  ] = [9,20,2026, 0, 0, 0];  init_datepick_cal('3', date_approved_par, 3 , 1, [2013,10]   );  }); <\/script>\n","protected":false},"excerpt":{"rendered":"<p>Rappels: La pr\u00e9-r\u00e9servation est ouverte de septembre 20xx \u00e0 septembre 20xx+1. On peut r\u00e9server une seule semaine ou 2 semaines cons\u00e9cutives Les r\u00e9servations se font du lundi au dimanche. Marche \u00e0 suivre: Dans le calendrier, s\u00e9lectionnez toutes les dates que vous souhaitez pr\u00e9-r\u00e9server. Compl\u00e9tez les champs de texte puis cliquez sur Envoyer. Vous recevrez une &hellip; <a href=\"https:\/\/icab.ch\/?page_id=68\" class=\"more-link\">Continuer la lecture de <span class=\"screen-reader-text\">Entr\u00e9e depuis Grolley (espace commer\u00e7ants) (zone HAUTE)<\/span> <span class=\"meta-nav\">&rarr;<\/span><\/a><\/p>\n","protected":false},"author":1,"featured_media":0,"parent":0,"menu_order":0,"comment_status":"closed","ping_status":"closed","template":"","meta":{"footnotes":""},"_links":{"self":[{"href":"https:\/\/icab.ch\/index.php?rest_route=\/wp\/v2\/pages\/68"}],"collection":[{"href":"https:\/\/icab.ch\/index.php?rest_route=\/wp\/v2\/pages"}],"about":[{"href":"https:\/\/icab.ch\/index.php?rest_route=\/wp\/v2\/types\/page"}],"author":[{"embeddable":true,"href":"https:\/\/icab.ch\/index.php?rest_route=\/wp\/v2\/users\/1"}],"replies":[{"embeddable":true,"href":"https:\/\/icab.ch\/index.php?rest_route=%2Fwp%2Fv2%2Fcomments&post=68"}],"version-history":[{"count":6,"href":"https:\/\/icab.ch\/index.php?rest_route=\/wp\/v2\/pages\/68\/revisions"}],"predecessor-version":[{"id":565,"href":"https:\/\/icab.ch\/index.php?rest_route=\/wp\/v2\/pages\/68\/revisions\/565"}],"wp:attachment":[{"href":"https:\/\/icab.ch\/index.php?rest_route=%2Fwp%2Fv2%2Fmedia&parent=68"}],"curies":[{"name":"wp","href":"https:\/\/api.w.org\/{rel}","templated":true}]}}