{"id":70,"date":"2013-08-12T17:57:34","date_gmt":"2013-08-12T16:57:34","guid":{"rendered":"https:\/\/dev.icab.ch\/?page_id=70"},"modified":"2022-11-14T08:43:09","modified_gmt":"2022-11-14T07:43:09","slug":"route-de-la-rosiere-contresens-du-trafic","status":"publish","type":"page","link":"https:\/\/icab.ch\/?page_id=70","title":{"rendered":"Entr\u00e9e depuis Grolley (espace soci\u00e9t\u00e9s) (zone BASSE)"},"content":{"rendered":"<p><em>Rappels:<\/em><br \/>\n<em>La pr\u00e9-r\u00e9servation est ouverte de septembre 20xx \u00e0 septembre 20xx+1.<\/em><br \/>\n<em>On peut r\u00e9server une seule semaine ou 2 semaines cons\u00e9cutives<\/em><br \/>\n<em>Les r\u00e9servations se font du lundi au dimanche.<\/em><\/p>\n<p><strong>Marche \u00e0 suivre:<\/strong><\/p>\n<ol>\n<li>Dans le calendrier, s\u00e9lectionnez toutes les dates que vous souhaitez pr\u00e9-r\u00e9server.<\/li>\n<li>Compl\u00e9tez les champs de texte puis cliquez sur Envoyer.<\/li>\n<li>Vous recevrez une facture relative \u00e0 l&#8217;emplacement et \u00e0 la dur\u00e9e de votre publicit\u00e9.<\/li>\n<li>A la r\u00e9ception du versement, vous recevrez une confirmation par e-mail.<\/li>\n<\/ol>\n <div id=\"form_id722849921838\" class=\"wpdevelop\"><form  id=\"booking_form2\"   class=\"booking_form vertical\" method=\"post\" action=\"\"><div id=\"ajax_respond_insert2\" class=\"ajax_respond_insert\" style=\"display:none;\"><\/div><a name=\"bklnk2\" id=\"bklnk2\"><\/a><div id=\"booking_form_div2\" class=\"booking_form_div\"><div class=\"bk_calendar_frame months_num_in_row_ cal_month_num_3\" style=\"width:852px;\"><div id=\"calendar_booking2\">Chargement du calendrier...<\/div><\/div><textarea id=\"date_booking2\" name=\"date_booking2\" autocomplete=\"off\" style=\"display:none;\"><\/textarea><div class=\"block_hints datepick\"><div class=\"wpdev_hint_with_text\"><div class=\"block_free datepick-days-cell\"><a>&nbsp;<\/a><\/div><div class=\"block_text\">- Disponible<\/div><\/div><div class=\"wpdev_hint_with_text\"><div class=\"block_booked date_approved\">&nbsp;<\/div><div class=\"block_text\">- R\u00e9serv\u00e9<\/div><\/div><div class=\"wpdev_hint_with_text\"><div class=\"block_pending date2approve\">&nbsp;<\/div><div class=\"block_text\">- en attente<\/div><\/div><\/div><div class=\"wpdev_clear_hint\"><\/div> \r\n        \r\n        <div style=\"text-align:left\"> \r\n\r\n        <p>Entreprise ou association (requis):<br \/>  <span class=\"wpdev-form-control-wrap firm2\"><input type=\"text\" name=\"firm2\" value=\"\" class=\"wpdev-validates-as-required\" size=\"40\" \/><\/span><\/p> \r\n\r\n        <p>Pr\u00e9nom (requis):<br \/>  <span class=\"wpdev-form-control-wrap name2\"><input type=\"text\" name=\"name2\" value=\"\" class=\"wpdev-validates-as-required\" size=\"40\" \/><\/span> <\/p> \r\n        \r\n        <p>Nom (requis):<br \/>  <span class=\"wpdev-form-control-wrap secondname2\"><input type=\"text\" name=\"secondname2\" value=\"\" class=\"wpdev-validates-as-required\" size=\"40\" \/><\/span> <\/p> \r\n\t\t\t\r\n\t\t<p>Rue et n\u00b0 (requis):<br \/> <span class=\"wpdev-form-control-wrap rue2\"><input type=\"text\" name=\"rue2\" value=\"\" class=\"wpdev-validates-as-required\" size=\"40\" \/><\/span> <\/p> \r\n\t\t\t\r\n\t\t<p>NP et Lieu (requis) :<br \/> <span class=\"wpdev-form-control-wrap lieu2\"><input type=\"text\" name=\"lieu2\" value=\"\" class=\"wpdev-validates-as-required\" size=\"40\" \/><\/span> <\/p> \t\r\n        \r\n        <p>Courriel (requis):<br \/>  <span class=\"wpdev-form-control-wrap email2\"><input type=\"text\" name=\"email2\" value=\"\" class=\"wpdev-validates-as-email wpdev-validates-as-required\" size=\"40\" \/><\/span> <\/p> \r\n        \r\n        <p>T\u00e9l\u00e9phone:<br \/>  <span class=\"wpdev-form-control-wrap phone2\"><input type=\"text\" name=\"phone2\" value=\"\" size=\"40\" \/><\/span> <\/p> \r\n        \r\n        <p>Commentaire:<br \/> <span class=\"wpdev-form-control-wrap details2\"><textarea name=\"details2\" cols=\"40\" rows=\"10\"><\/textarea><\/span> <\/p> \r\n        \r\n        <p><input  autocomplete=\"off\" type=\"hidden\" name=\"wpdev_captcha_challenge_2\"  id=\"wpdev_captcha_challenge_2\" value=\"1287116995\" \/><input  autocomplete=\"off\" type=\"text\" class=\"captachinput\" value=\"\" name=\"captcha_input2\" id=\"captcha_input2\" \/><img decoding=\"async\" class=\"captcha_img\"  id=\"captcha_img2\" alt=\"captcha\" src=\"https:\/\/icab.ch\/wp-content\/plugins\/booking.personal.8.6\/js\/captcha\/tmp\/1287116995.png\" \/><span id=\"captcha_msg2\" class=\"wpdev-help-message\" ><\/span><\/p> \r\n        \r\n        <p><input type=\"button\" value=\"Envoyer\" onclick=\"mybooking_submit(this.form,2, 'fr_FR' );\" \/><img decoding=\"async\" class=\"ajax-loader\"  style=\"vertical-align:middle;box-shadow:none;width:14px;visibility: hidden;\" alt=\"ajax loader\" src=\"https:\/\/icab.ch\/wp-content\/plugins\/booking.personal.8.6\/assets\/img\/ajax-loader.gif\" \/><\/p> \r\n        <\/div><input id=\"bk_type2\" name=\"bk_type2\" class=\"\" type=\"hidden\" value=\"2\" \/><\/div><div id=\"submiting2\"><\/div><div class=\"form_bk_messages\" id=\"form_bk_messages2\" ><\/div><input type=\"hidden\" id=\"wpbc_nonce2\" name=\"wpbc_nonce2\" value=\"85d8475b36\" \/><input type=\"hidden\" name=\"_wp_http_referer\" value=\"\/index.php?rest_route=%2Fwp%2Fv2%2Fpages%2F70\" \/><input type=\"hidden\" id=\"wpbc_nonceCALCULATE_THE_COST2\" name=\"wpbc_nonceCALCULATE_THE_COST2\" value=\"ec9fa986bd\" \/><input type=\"hidden\" name=\"_wp_http_referer\" value=\"\/index.php?rest_route=%2Fwp%2Fv2%2Fpages%2F70\" \/><\/form><\/div><div id=\"booking_form_garbage2\" class=\"booking_form_garbage\"><\/div><script type=\"text\/javascript\">\n                                jQuery(document).ready( function(){\n                                    jQuery(\".widget_wpdev_booking .booking_form.form-horizontal\").removeClass(\"form-horizontal\");\n                                    var visible_booking_id_on_page_num = visible_booking_id_on_page.length;\n                                    if (visible_booking_id_on_page_num !== null ) {\n                                        for (var i=0;i< visible_booking_id_on_page_num ;i++){\n                                          if ( visible_booking_id_on_page[i]==\"booking_form_div2\" ) {\n                                              document.getElementById(\"form_id722849921838\").innerHTML = \"<span style='color:#A00;font-size:10px;'>Attention! Le calendrier des r\u00e9servations pour cette ressource est d\u00e9j\u00e0 sur la page, veuillez vous renseigner sur ce probl\u00e8me \u00e0 la cette page: https:\/\/wpbookingcalendar.com\/faq\/why-the-booking-calendar-widget-not-show-on-page\/<\/span>\";                                                                                                  \n                                              jQuery(\"#form_id722849921838\").animate( {opacity: 1}, 10000 ).fadeOut(5000);\n                                              return;\n                                          }\n                                        }\n                                        visible_booking_id_on_page[ visible_booking_id_on_page_num ]=\"booking_form_div2\";\n                                    }\n                                });\n                            <\/script> <script type='text\/javascript'>  jQuery(document).ready( function(){  date_admin_blank[2] = [];  date2approve[2] = []; if (typeof( date2approve[2][ '10-26-2026' ] ) == 'undefined'){  date2approve[2][ '10-26-2026' ] = [];}   date2approve[2][ '10-26-2026' ][  date2approve[2]['10-26-2026'].length  ] = [10, 26, 2026, 0, 0, 0]; if (typeof( date2approve[2][ '10-27-2026' ] ) == 'undefined'){  date2approve[2][ '10-27-2026' ] = [];}   date2approve[2][ '10-27-2026' ][  date2approve[2]['10-27-2026'].length  ] = [10, 27, 2026, 0, 0, 0]; if (typeof( date2approve[2][ '10-28-2026' ] ) == 'undefined'){  date2approve[2][ '10-28-2026' ] = [];}   date2approve[2][ '10-28-2026' ][  date2approve[2]['10-28-2026'].length  ] = [10, 28, 2026, 0, 0, 0]; if (typeof( date2approve[2][ '10-29-2026' ] ) == 'undefined'){  date2approve[2][ '10-29-2026' ] = [];}   date2approve[2][ '10-29-2026' ][  date2approve[2]['10-29-2026'].length  ] = [10, 29, 2026, 0, 0, 0]; if (typeof( date2approve[2][ '10-30-2026' ] ) == 'undefined'){  date2approve[2][ '10-30-2026' ] = [];}   date2approve[2][ '10-30-2026' ][  date2approve[2]['10-30-2026'].length  ] = [10, 30, 2026, 0, 0, 0]; if (typeof( date2approve[2][ '10-31-2026' ] ) == 'undefined'){  date2approve[2][ '10-31-2026' ] = [];}   date2approve[2][ '10-31-2026' ][  date2approve[2]['10-31-2026'].length  ] = [10, 31, 2026, 0, 0, 0]; if (typeof( date2approve[2][ '11-1-2026' ] ) == 'undefined'){  date2approve[2][ '11-1-2026' ] = [];}   date2approve[2][ '11-1-2026' ][  date2approve[2]['11-1-2026'].length  ] = [11, 1, 2026, 0, 0, 0]; if (typeof( date2approve[2][ '11-2-2026' ] ) == 'undefined'){  date2approve[2][ '11-2-2026' ] = [];}   date2approve[2][ '11-2-2026' ][  date2approve[2]['11-2-2026'].length  ] = [11, 2, 2026, 0, 0, 0]; if (typeof( date2approve[2][ '11-3-2026' ] ) == 'undefined'){  date2approve[2][ '11-3-2026' ] = [];}   date2approve[2][ '11-3-2026' ][  date2approve[2]['11-3-2026'].length  ] = [11, 3, 2026, 0, 0, 0]; if (typeof( date2approve[2][ '11-4-2026' ] ) == 'undefined'){  date2approve[2][ '11-4-2026' ] = [];}   date2approve[2][ '11-4-2026' ][  date2approve[2]['11-4-2026'].length  ] = [11, 4, 2026, 0, 0, 0]; if (typeof( date2approve[2][ '11-5-2026' ] ) == 'undefined'){  date2approve[2][ '11-5-2026' ] = [];}   date2approve[2][ '11-5-2026' ][  date2approve[2]['11-5-2026'].length  ] = [11, 5, 2026, 0, 0, 0]; if (typeof( date2approve[2][ '11-6-2026' ] ) == 'undefined'){  date2approve[2][ '11-6-2026' ] = [];}   date2approve[2][ '11-6-2026' ][  date2approve[2]['11-6-2026'].length  ] = [11, 6, 2026, 0, 0, 0]; if (typeof( date2approve[2][ '11-7-2026' ] ) == 'undefined'){  date2approve[2][ '11-7-2026' ] = [];}   date2approve[2][ '11-7-2026' ][  date2approve[2]['11-7-2026'].length  ] = [11, 7, 2026, 0, 0, 0]; if (typeof( date2approve[2][ '11-8-2026' ] ) == 'undefined'){  date2approve[2][ '11-8-2026' ] = [];}   date2approve[2][ '11-8-2026' ][  date2approve[2]['11-8-2026'].length  ] = [11, 8, 2026, 0, 0, 0]; if (typeof( date2approve[2][ '11-9-2026' ] ) == 'undefined'){  date2approve[2][ '11-9-2026' ] = [];}   date2approve[2][ '11-9-2026' ][  date2approve[2]['11-9-2026'].length  ] = [11, 9, 2026, 0, 0, 0]; if (typeof( date2approve[2][ '11-10-2026' ] ) == 'undefined'){  date2approve[2][ '11-10-2026' ] = [];}   date2approve[2][ '11-10-2026' ][  date2approve[2]['11-10-2026'].length  ] = [11, 10, 2026, 0, 0, 0]; if (typeof( date2approve[2][ '11-11-2026' ] ) == 'undefined'){  date2approve[2][ '11-11-2026' ] = [];}   date2approve[2][ '11-11-2026' ][  date2approve[2]['11-11-2026'].length  ] = [11, 11, 2026, 0, 0, 0]; if (typeof( date2approve[2][ '11-12-2026' ] ) == 'undefined'){  date2approve[2][ '11-12-2026' ] = [];}   date2approve[2][ '11-12-2026' ][  date2approve[2]['11-12-2026'].length  ] = [11, 12, 2026, 0, 0, 0]; if (typeof( date2approve[2][ '11-13-2026' ] ) == 'undefined'){  date2approve[2][ '11-13-2026' ] = [];}   date2approve[2][ '11-13-2026' ][  date2approve[2]['11-13-2026'].length  ] = [11, 13, 2026, 0, 0, 0]; if (typeof( date2approve[2][ '11-14-2026' ] ) == 'undefined'){  date2approve[2][ '11-14-2026' ] = [];}   date2approve[2][ '11-14-2026' ][  date2approve[2]['11-14-2026'].length  ] = [11, 14, 2026, 0, 0, 0]; if (typeof( date2approve[2][ '11-15-2026' ] ) == 'undefined'){  date2approve[2][ '11-15-2026' ] = [];}   date2approve[2][ '11-15-2026' ][  date2approve[2]['11-15-2026'].length  ] = [11, 15, 2026, 0, 0, 0]; if (typeof( date2approve[2][ '11-16-2026' ] ) == 'undefined'){  date2approve[2][ '11-16-2026' ] = [];}   date2approve[2][ '11-16-2026' ][  date2approve[2]['11-16-2026'].length  ] = [11, 16, 2026, 0, 0, 0]; if (typeof( date2approve[2][ '11-17-2026' ] ) == 'undefined'){  date2approve[2][ '11-17-2026' ] = [];}   date2approve[2][ '11-17-2026' ][  date2approve[2]['11-17-2026'].length  ] = [11, 17, 2026, 0, 0, 0]; if (typeof( date2approve[2][ '11-18-2026' ] ) == 'undefined'){  date2approve[2][ '11-18-2026' ] = [];}   date2approve[2][ '11-18-2026' ][  date2approve[2]['11-18-2026'].length  ] = [11, 18, 2026, 0, 0, 0]; if (typeof( date2approve[2][ '11-19-2026' ] ) == 'undefined'){  date2approve[2][ '11-19-2026' ] = [];}   date2approve[2][ '11-19-2026' ][  date2approve[2]['11-19-2026'].length  ] = [11, 19, 2026, 0, 0, 0]; if (typeof( date2approve[2][ '11-20-2026' ] ) == 'undefined'){  date2approve[2][ '11-20-2026' ] = [];}   date2approve[2][ '11-20-2026' ][  date2approve[2]['11-20-2026'].length  ] = [11, 20, 2026, 0, 0, 0]; if (typeof( date2approve[2][ '11-21-2026' ] ) == 'undefined'){  date2approve[2][ '11-21-2026' ] = [];}   date2approve[2][ '11-21-2026' ][  date2approve[2]['11-21-2026'].length  ] = [11, 21, 2026, 0, 0, 0]; if (typeof( date2approve[2][ '11-22-2026' ] ) == 'undefined'){  date2approve[2][ '11-22-2026' ] = [];}   date2approve[2][ '11-22-2026' ][  date2approve[2]['11-22-2026'].length  ] = [11, 22, 2026, 0, 0, 0];  var date_approved_par = [];  init_datepick_cal('2', date_approved_par, 3 , 1, [2013,10]   );  }); <\/script>\n","protected":false},"excerpt":{"rendered":"<p>Rappels: La pr\u00e9-r\u00e9servation est ouverte de septembre 20xx \u00e0 septembre 20xx+1. On peut r\u00e9server une seule semaine ou 2 semaines cons\u00e9cutives Les r\u00e9servations se font du lundi au dimanche. Marche \u00e0 suivre: Dans le calendrier, s\u00e9lectionnez toutes les dates que vous souhaitez pr\u00e9-r\u00e9server. Compl\u00e9tez les champs de texte puis cliquez sur Envoyer. Vous recevrez une &hellip; <a href=\"https:\/\/icab.ch\/?page_id=70\" class=\"more-link\">Continuer la lecture de <span class=\"screen-reader-text\">Entr\u00e9e depuis Grolley (espace soci\u00e9t\u00e9s) (zone BASSE)<\/span> <span class=\"meta-nav\">&rarr;<\/span><\/a><\/p>\n","protected":false},"author":1,"featured_media":0,"parent":0,"menu_order":0,"comment_status":"closed","ping_status":"closed","template":"","meta":{"footnotes":""},"_links":{"self":[{"href":"https:\/\/icab.ch\/index.php?rest_route=\/wp\/v2\/pages\/70"}],"collection":[{"href":"https:\/\/icab.ch\/index.php?rest_route=\/wp\/v2\/pages"}],"about":[{"href":"https:\/\/icab.ch\/index.php?rest_route=\/wp\/v2\/types\/page"}],"author":[{"embeddable":true,"href":"https:\/\/icab.ch\/index.php?rest_route=\/wp\/v2\/users\/1"}],"replies":[{"embeddable":true,"href":"https:\/\/icab.ch\/index.php?rest_route=%2Fwp%2Fv2%2Fcomments&post=70"}],"version-history":[{"count":5,"href":"https:\/\/icab.ch\/index.php?rest_route=\/wp\/v2\/pages\/70\/revisions"}],"predecessor-version":[{"id":566,"href":"https:\/\/icab.ch\/index.php?rest_route=\/wp\/v2\/pages\/70\/revisions\/566"}],"wp:attachment":[{"href":"https:\/\/icab.ch\/index.php?rest_route=%2Fwp%2Fv2%2Fmedia&parent=70"}],"curies":[{"name":"wp","href":"https:\/\/api.w.org\/{rel}","templated":true}]}}